{"id":603,"date":"2020-11-09T14:42:20","date_gmt":"2020-11-09T13:42:20","guid":{"rendered":"https:\/\/www.moulindecaudon.fr\/loisirs-animations\/"},"modified":"2022-10-13T18:29:47","modified_gmt":"2022-10-13T16:29:47","slug":"leisure-entertainment","status":"publish","type":"page","link":"https:\/\/www.moulindecaudon.fr\/en\/leisure-entertainment\/","title":{"rendered":"Leisure &#038; Entertainment"},"content":{"rendered":"","protected":false},"excerpt":{"rendered":"","protected":false},"author":2,"featured_media":0,"parent":0,"menu_order":0,"comment_status":"closed","ping_status":"closed","template":"","meta":{"_acf_changed":false,"footnotes":""},"class_list":["post-603","page","type-page","status-publish","hentry"],"acf":[],"yoast_head":"<!-- This site is optimized with the Yoast SEO plugin v27.3 - https:\/\/yoast.com\/product\/yoast-seo-wordpress\/ -->\n<title>Leisure &amp; Entertainment - Camping Le Moulin de Caudon<\/title>\n<meta name=\"robots\" content=\"index, follow, max-snippet:-1, max-image-preview:large, max-video-preview:-1\" \/>\n<link rel=\"canonical\" href=\"https:\/\/www.moulindecaudon.fr\/en\/leisure-entertainment\/\" \/>\n<meta property=\"og:locale\" content=\"en_US\" \/>\n<meta property=\"og:type\" content=\"article\" \/>\n<meta property=\"og:title\" content=\"Leisure &amp; Entertainment - Camping Le Moulin de Caudon\" \/>\n<meta property=\"og:url\" content=\"https:\/\/www.moulindecaudon.fr\/en\/leisure-entertainment\/\" \/>\n<meta property=\"og:site_name\" content=\"Camping Le Moulin de Caudon\" \/>\n<meta property=\"article:modified_time\" content=\"2022-10-13T16:29:47+00:00\" \/>\n<meta name=\"twitter:card\" content=\"summary_large_image\" \/>\n<script type=\"application\/ld+json\" class=\"yoast-schema-graph\">{\"@context\":\"https:\\\/\\\/schema.org\",\"@graph\":[{\"@type\":\"WebPage\",\"@id\":\"https:\\\/\\\/www.moulindecaudon.fr\\\/en\\\/leisure-entertainment\\\/\",\"url\":\"https:\\\/\\\/www.moulindecaudon.fr\\\/en\\\/leisure-entertainment\\\/\",\"name\":\"Leisure & Entertainment - Camping Le Moulin de Caudon\",\"isPartOf\":{\"@id\":\"https:\\\/\\\/www.moulindecaudon.fr\\\/en\\\/#website\"},\"datePublished\":\"2020-11-09T13:42:20+00:00\",\"dateModified\":\"2022-10-13T16:29:47+00:00\",\"breadcrumb\":{\"@id\":\"https:\\\/\\\/www.moulindecaudon.fr\\\/en\\\/leisure-entertainment\\\/#breadcrumb\"},\"inLanguage\":\"en-US\",\"potentialAction\":[{\"@type\":\"ReadAction\",\"target\":[\"https:\\\/\\\/www.moulindecaudon.fr\\\/en\\\/leisure-entertainment\\\/\"]}]},{\"@type\":\"BreadcrumbList\",\"@id\":\"https:\\\/\\\/www.moulindecaudon.fr\\\/en\\\/leisure-entertainment\\\/#breadcrumb\",\"itemListElement\":[{\"@type\":\"ListItem\",\"position\":1,\"name\":\"Accueil\",\"item\":\"https:\\\/\\\/www.moulindecaudon.fr\\\/en\\\/\"},{\"@type\":\"ListItem\",\"position\":2,\"name\":\"Leisure &#038; Entertainment\"}]},{\"@type\":\"WebSite\",\"@id\":\"https:\\\/\\\/www.moulindecaudon.fr\\\/en\\\/#website\",\"url\":\"https:\\\/\\\/www.moulindecaudon.fr\\\/en\\\/\",\"name\":\"Camping Le Moulin de Caudon\",\"description\":\"Camping 3 \u00e9toiles \u00e0 Domme en P\u00e9rigord\",\"publisher\":{\"@id\":\"https:\\\/\\\/www.moulindecaudon.fr\\\/en\\\/#organization\"},\"potentialAction\":[{\"@type\":\"SearchAction\",\"target\":{\"@type\":\"EntryPoint\",\"urlTemplate\":\"https:\\\/\\\/www.moulindecaudon.fr\\\/en\\\/?s={search_term_string}\"},\"query-input\":{\"@type\":\"PropertyValueSpecification\",\"valueRequired\":true,\"valueName\":\"search_term_string\"}}],\"inLanguage\":\"en-US\"},{\"@type\":\"Organization\",\"@id\":\"https:\\\/\\\/www.moulindecaudon.fr\\\/en\\\/#organization\",\"name\":\"Le Moulin de Caudon\",\"url\":\"https:\\\/\\\/www.moulindecaudon.fr\\\/en\\\/\",\"logo\":{\"@type\":\"ImageObject\",\"inLanguage\":\"en-US\",\"@id\":\"https:\\\/\\\/www.moulindecaudon.fr\\\/en\\\/#\\\/schema\\\/logo\\\/image\\\/\",\"url\":\"https:\\\/\\\/www.moulindecaudon.fr\\\/wp-content\\\/uploads\\\/2020\\\/12\\\/logo-moulin-caudon.png\",\"contentUrl\":\"https:\\\/\\\/www.moulindecaudon.fr\\\/wp-content\\\/uploads\\\/2020\\\/12\\\/logo-moulin-caudon.png\",\"width\":224,\"height\":172,\"caption\":\"Le Moulin de Caudon\"},\"image\":{\"@id\":\"https:\\\/\\\/www.moulindecaudon.fr\\\/en\\\/#\\\/schema\\\/logo\\\/image\\\/\"}}]}<\/script>\n<!-- \/ Yoast SEO plugin. -->","yoast_head_json":{"title":"Leisure & Entertainment - Camping Le Moulin de Caudon","robots":{"index":"index","follow":"follow","max-snippet":"max-snippet:-1","max-image-preview":"max-image-preview:large","max-video-preview":"max-video-preview:-1"},"canonical":"https:\/\/www.moulindecaudon.fr\/en\/leisure-entertainment\/","og_locale":"en_US","og_type":"article","og_title":"Leisure & Entertainment - Camping Le Moulin de Caudon","og_url":"https:\/\/www.moulindecaudon.fr\/en\/leisure-entertainment\/","og_site_name":"Camping Le Moulin de Caudon","article_modified_time":"2022-10-13T16:29:47+00:00","twitter_card":"summary_large_image","schema":{"@context":"https:\/\/schema.org","@graph":[{"@type":"WebPage","@id":"https:\/\/www.moulindecaudon.fr\/en\/leisure-entertainment\/","url":"https:\/\/www.moulindecaudon.fr\/en\/leisure-entertainment\/","name":"Leisure & Entertainment - Camping Le Moulin de Caudon","isPartOf":{"@id":"https:\/\/www.moulindecaudon.fr\/en\/#website"},"datePublished":"2020-11-09T13:42:20+00:00","dateModified":"2022-10-13T16:29:47+00:00","breadcrumb":{"@id":"https:\/\/www.moulindecaudon.fr\/en\/leisure-entertainment\/#breadcrumb"},"inLanguage":"en-US","potentialAction":[{"@type":"ReadAction","target":["https:\/\/www.moulindecaudon.fr\/en\/leisure-entertainment\/"]}]},{"@type":"BreadcrumbList","@id":"https:\/\/www.moulindecaudon.fr\/en\/leisure-entertainment\/#breadcrumb","itemListElement":[{"@type":"ListItem","position":1,"name":"Accueil","item":"https:\/\/www.moulindecaudon.fr\/en\/"},{"@type":"ListItem","position":2,"name":"Leisure &#038; Entertainment"}]},{"@type":"WebSite","@id":"https:\/\/www.moulindecaudon.fr\/en\/#website","url":"https:\/\/www.moulindecaudon.fr\/en\/","name":"Camping Le Moulin de Caudon","description":"Camping 3 \u00e9toiles \u00e0 Domme en P\u00e9rigord","publisher":{"@id":"https:\/\/www.moulindecaudon.fr\/en\/#organization"},"potentialAction":[{"@type":"SearchAction","target":{"@type":"EntryPoint","urlTemplate":"https:\/\/www.moulindecaudon.fr\/en\/?s={search_term_string}"},"query-input":{"@type":"PropertyValueSpecification","valueRequired":true,"valueName":"search_term_string"}}],"inLanguage":"en-US"},{"@type":"Organization","@id":"https:\/\/www.moulindecaudon.fr\/en\/#organization","name":"Le Moulin de Caudon","url":"https:\/\/www.moulindecaudon.fr\/en\/","logo":{"@type":"ImageObject","inLanguage":"en-US","@id":"https:\/\/www.moulindecaudon.fr\/en\/#\/schema\/logo\/image\/","url":"https:\/\/www.moulindecaudon.fr\/wp-content\/uploads\/2020\/12\/logo-moulin-caudon.png","contentUrl":"https:\/\/www.moulindecaudon.fr\/wp-content\/uploads\/2020\/12\/logo-moulin-caudon.png","width":224,"height":172,"caption":"Le Moulin de Caudon"},"image":{"@id":"https:\/\/www.moulindecaudon.fr\/en\/#\/schema\/logo\/image\/"}}]}},"_links":{"self":[{"href":"https:\/\/www.moulindecaudon.fr\/en\/wp-json\/wp\/v2\/pages\/603","targetHints":{"allow":["GET"]}}],"collection":[{"href":"https:\/\/www.moulindecaudon.fr\/en\/wp-json\/wp\/v2\/pages"}],"about":[{"href":"https:\/\/www.moulindecaudon.fr\/en\/wp-json\/wp\/v2\/types\/page"}],"author":[{"embeddable":true,"href":"https:\/\/www.moulindecaudon.fr\/en\/wp-json\/wp\/v2\/users\/2"}],"replies":[{"embeddable":true,"href":"https:\/\/www.moulindecaudon.fr\/en\/wp-json\/wp\/v2\/comments?post=603"}],"version-history":[{"count":5,"href":"https:\/\/www.moulindecaudon.fr\/en\/wp-json\/wp\/v2\/pages\/603\/revisions"}],"predecessor-version":[{"id":982,"href":"https:\/\/www.moulindecaudon.fr\/en\/wp-json\/wp\/v2\/pages\/603\/revisions\/982"}],"wp:attachment":[{"href":"https:\/\/www.moulindecaudon.fr\/en\/wp-json\/wp\/v2\/media?parent=603"}],"curies":[{"name":"wp","href":"https:\/\/api.w.org\/{rel}","templated":true}]}}